{"id":42,"date":"2025-07-01T11:11:10","date_gmt":"2025-07-01T09:11:10","guid":{"rendered":"https:\/\/www.engineering-universe.de\/?page_id=42"},"modified":"2025-12-09T10:35:03","modified_gmt":"2025-12-09T09:35:03","slug":"kontakt","status":"publish","type":"page","link":"https:\/\/www.engineering-universe.de\/en\/kontakt\/","title":{"rendered":"Contact"},"content":{"rendered":"\t\t<div data-elementor-type=\"wp-page\" data-elementor-id=\"42\" class=\"elementor elementor-42\" data-elementor-post-type=\"page\">\n\t\t\t\t<div class=\"elementor-element elementor-element-5ae61a5b e-flex e-con-boxed e-con e-parent\" data-id=\"5ae61a5b\" data-element_type=\"container\" data-e-type=\"container\" data-settings=\"{&quot;background_background&quot;:&quot;classic&quot;}\">\n\t\t\t\t\t<div class=\"e-con-inner\">\n\t\t\t\t<div class=\"elementor-element elementor-element-668f7ff elementor-widget elementor-widget-heading\" data-id=\"668f7ff\" data-element_type=\"widget\" data-e-type=\"widget\" data-widget_type=\"heading.default\">\n\t\t\t\t<div class=\"elementor-widget-container\">\n\t\t\t\t\t<h1 class=\"elementor-heading-title elementor-size-default\">Kontakt &amp; Demo<\/h1>\t\t\t\t<\/div>\n\t\t\t\t<\/div>\n\t\t\t\t\t<\/div>\n\t\t\t\t<\/div>\n\t\t<div class=\"elementor-element elementor-element-5c2b534d e-flex e-con-boxed e-con e-parent\" data-id=\"5c2b534d\" data-element_type=\"container\" data-e-type=\"container\">\n\t\t\t\t\t<div class=\"e-con-inner\">\n\t\t\t\t<div class=\"elementor-element elementor-element-f8b0269 elementor-widget elementor-widget-text-editor\" data-id=\"f8b0269\" data-element_type=\"widget\" data-e-type=\"widget\" data-widget_type=\"text-editor.default\">\n\t\t\t\t<div class=\"elementor-widget-container\">\n\t\t\t\t\t\t\t\t\t<p>Das Team hinter dieser Webseite blickt zur\u00fcck auf fast drei Jahrzehnte Erfahrung in der Entwicklung moderner und zukunftsf\u00e4higer komplexer Produkte, einschlie\u00dflich sicherheitskritischer Systeme.<\/p>\t\t\t\t\t\t\t\t<\/div>\n\t\t\t\t<\/div>\n\t\t<div class=\"elementor-element elementor-element-16c82199 e-con-full e-flex e-con e-child\" data-id=\"16c82199\" data-element_type=\"container\" data-e-type=\"container\">\n\t\t<div class=\"elementor-element elementor-element-59795f2 e-con-full e-flex e-con e-child\" data-id=\"59795f2\" data-element_type=\"container\" data-e-type=\"container\">\n\t\t<div class=\"elementor-element elementor-element-e809cad e-con-full e-flex e-con e-child\" data-id=\"e809cad\" data-element_type=\"container\" data-e-type=\"container\">\n\t\t\t\t<div class=\"elementor-element elementor-element-4997e09a elementor-widget elementor-widget-text-editor\" data-id=\"4997e09a\" data-element_type=\"widget\" data-e-type=\"widget\" data-widget_type=\"text-editor.default\">\n\t\t\t\t<div class=\"elementor-widget-container\">\n\t\t\t\t\t\t\t\t\t<p>Willert Software Tools GmbH<br \/>Hannoversche Stra\u00dfe 21<br \/>31675 B\u00fcckeburg<\/p>\t\t\t\t\t\t\t\t<\/div>\n\t\t\t\t<\/div>\n\t\t\t\t<\/div>\n\t\t<div class=\"elementor-element elementor-element-e9982ec e-con-full e-flex e-con e-child\" data-id=\"e9982ec\" data-element_type=\"container\" data-e-type=\"container\">\n\t\t\t\t<div class=\"elementor-element elementor-element-53bff490 elementor-widget elementor-widget-image\" data-id=\"53bff490\" data-element_type=\"widget\" data-e-type=\"widget\" data-widget_type=\"image.default\">\n\t\t\t\t<div class=\"elementor-widget-container\">\n\t\t\t\t\t\t\t\t\t\t\t\t\t\t\t<img fetchpriority=\"high\" decoding=\"async\" width=\"751\" height=\"301\" src=\"https:\/\/www.engineering-universe.de\/wp-content\/uploads\/2025\/12\/SWC_Logo_Vrtcl1_RGB.jpg\" class=\"attachment-large size-large wp-image-2605\" alt=\"\" srcset=\"https:\/\/www.engineering-universe.de\/wp-content\/uploads\/2025\/12\/SWC_Logo_Vrtcl1_RGB.jpg 751w, https:\/\/www.engineering-universe.de\/wp-content\/uploads\/2025\/12\/SWC_Logo_Vrtcl1_RGB-300x120.jpg 300w, https:\/\/www.engineering-universe.de\/wp-content\/uploads\/2025\/12\/SWC_Logo_Vrtcl1_RGB-18x7.jpg 18w\" sizes=\"(max-width: 751px) 100vw, 751px\" \/>\t\t\t\t\t\t\t\t\t\t\t\t\t\t\t<\/div>\n\t\t\t\t<\/div>\n\t\t\t\t<\/div>\n\t\t\t\t<\/div>\n\t\t<div class=\"elementor-element elementor-element-a54e2dc e-con-full e-flex e-con e-child\" data-id=\"a54e2dc\" data-element_type=\"container\" data-e-type=\"container\">\n\t\t<div class=\"elementor-element elementor-element-3931bc4 e-con-full e-flex e-con e-child\" data-id=\"3931bc4\" data-element_type=\"container\" data-e-type=\"container\">\n\t\t\t\t<div class=\"elementor-element elementor-element-56eef5ba elementor-widget elementor-widget-heading\" data-id=\"56eef5ba\" data-element_type=\"widget\" data-e-type=\"widget\" data-widget_type=\"heading.default\">\n\t\t\t\t<div class=\"elementor-widget-container\">\n\t\t\t\t\t<h4 class=\"elementor-heading-title elementor-size-default\">Beratung &amp; Support<\/h4>\t\t\t\t<\/div>\n\t\t\t\t<\/div>\n\t\t\t\t<div class=\"elementor-element elementor-element-324f4753 elementor-mobile-align-start elementor-icon-list--layout-traditional elementor-list-item-link-full_width elementor-widget elementor-widget-icon-list\" data-id=\"324f4753\" data-element_type=\"widget\" data-e-type=\"widget\" data-widget_type=\"icon-list.default\">\n\t\t\t\t<div class=\"elementor-widget-container\">\n\t\t\t\t\t\t\t<ul class=\"elementor-icon-list-items\">\n\t\t\t\t\t\t\t<li class=\"elementor-icon-list-item\">\n\t\t\t\t\t\t\t\t\t\t\t<a href=\"mailto:engineering-universe@sodiuswillert.com\">\n\n\t\t\t\t\t\t\t\t\t\t\t\t<span class=\"elementor-icon-list-icon\">\n\t\t\t\t\t\t\t<svg aria-hidden=\"true\" class=\"e-font-icon-svg e-far-envelope\" viewBox=\"0 0 512 512\" xmlns=\"http:\/\/www.w3.org\/2000\/svg\"><path d=\"M464 64H48C21.49 64 0 85.49 0 112v288c0 26.51 21.49 48 48 48h416c26.51 0 48-21.49 48-48V112c0-26.51-21.49-48-48-48zm0 48v40.805c-22.422 18.259-58.168 46.651-134.587 106.49-16.841 13.247-50.201 45.072-73.413 44.701-23.208.375-56.579-31.459-73.413-44.701C106.18 199.465 70.425 171.067 48 152.805V112h416zM48 400V214.398c22.914 18.251 55.409 43.862 104.938 82.646 21.857 17.205 60.134 55.186 103.062 54.955 42.717.231 80.509-37.199 103.053-54.947 49.528-38.783 82.032-64.401 104.947-82.653V400H48z\"><\/path><\/svg>\t\t\t\t\t\t<\/span>\n\t\t\t\t\t\t\t\t\t\t<span class=\"elementor-icon-list-text\">engineering-universe@sodiuswillert.com<\/span>\n\t\t\t\t\t\t\t\t\t\t\t<\/a>\n\t\t\t\t\t\t\t\t\t<\/li>\n\t\t\t\t\t\t\t\t<li class=\"elementor-icon-list-item\">\n\t\t\t\t\t\t\t\t\t\t\t<a href=\"tel:+49%205722%209678%2060\">\n\n\t\t\t\t\t\t\t\t\t\t\t\t<span class=\"elementor-icon-list-icon\">\n\t\t\t\t\t\t\t<svg aria-hidden=\"true\" class=\"e-font-icon-svg e-fas-phone-alt\" viewBox=\"0 0 512 512\" xmlns=\"http:\/\/www.w3.org\/2000\/svg\"><path d=\"M497.39 361.8l-112-48a24 24 0 0 0-28 6.9l-49.6 60.6A370.66 370.66 0 0 1 130.6 204.11l60.6-49.6a23.94 23.94 0 0 0 6.9-28l-48-112A24.16 24.16 0 0 0 122.6.61l-104 24A24 24 0 0 0 0 48c0 256.5 207.9 464 464 464a24 24 0 0 0 23.4-18.6l24-104a24.29 24.29 0 0 0-14.01-27.6z\"><\/path><\/svg>\t\t\t\t\t\t<\/span>\n\t\t\t\t\t\t\t\t\t\t<span class=\"elementor-icon-list-text\">+49 5722 9678 60<\/span>\n\t\t\t\t\t\t\t\t\t\t\t<\/a>\n\t\t\t\t\t\t\t\t\t<\/li>\n\t\t\t\t\t\t<\/ul>\n\t\t\t\t\t\t<\/div>\n\t\t\t\t<\/div>\n\t\t\t\t<\/div>\n\t\t<div class=\"elementor-element elementor-element-305cde1 e-con-full e-flex e-con e-child\" data-id=\"305cde1\" data-element_type=\"container\" data-e-type=\"container\">\n\t\t\t\t<div class=\"elementor-element elementor-element-20d6906e elementor-widget elementor-widget-image\" data-id=\"20d6906e\" data-element_type=\"widget\" data-e-type=\"widget\" data-widget_type=\"image.default\">\n\t\t\t\t<div class=\"elementor-widget-container\">\n\t\t\t\t\t\t\t\t\t\t\t\t\t\t\t<img decoding=\"async\" width=\"454\" height=\"249\" src=\"https:\/\/www.engineering-universe.de\/wp-content\/uploads\/2025\/12\/IBM_Partner_Plus_platinum_partner_mark_pos_gray80_RGB-e1750083594851.png\" class=\"attachment-large size-large wp-image-2606\" alt=\"\" srcset=\"https:\/\/www.engineering-universe.de\/wp-content\/uploads\/2025\/12\/IBM_Partner_Plus_platinum_partner_mark_pos_gray80_RGB-e1750083594851.png 454w, https:\/\/www.engineering-universe.de\/wp-content\/uploads\/2025\/12\/IBM_Partner_Plus_platinum_partner_mark_pos_gray80_RGB-e1750083594851-300x165.png 300w, https:\/\/www.engineering-universe.de\/wp-content\/uploads\/2025\/12\/IBM_Partner_Plus_platinum_partner_mark_pos_gray80_RGB-e1750083594851-18x10.png 18w\" sizes=\"(max-width: 454px) 100vw, 454px\" \/>\t\t\t\t\t\t\t\t\t\t\t\t\t\t\t<\/div>\n\t\t\t\t<\/div>\n\t\t\t\t<\/div>\n\t\t\t\t<\/div>\n\t\t\t\t<\/div>\n\t\t\t\t<div class=\"elementor-element elementor-element-5597cc5a elementor-button-align-end elementor-widget elementor-widget-form\" data-id=\"5597cc5a\" data-element_type=\"widget\" data-e-type=\"widget\" data-settings=\"{&quot;step_next_label&quot;:&quot;N\\u00e4chster&quot;,&quot;step_previous_label&quot;:&quot;Voriger&quot;,&quot;button_width&quot;:&quot;100&quot;,&quot;step_type&quot;:&quot;number_text&quot;,&quot;step_icon_shape&quot;:&quot;circle&quot;}\" data-widget_type=\"form.default\">\n\t\t\t\t<div class=\"elementor-widget-container\">\n\t\t\t\t\t\t\t<form class=\"elementor-form\" method=\"post\" name=\"Kontakt Formular\" aria-label=\"Kontakt Formular\" novalidate=\"\">\n\t\t\t<input type=\"hidden\" name=\"post_id\" value=\"42\"\/>\n\t\t\t<input type=\"hidden\" name=\"form_id\" value=\"5597cc5a\"\/>\n\t\t\t<input type=\"hidden\" name=\"referer_title\" value=\"Kontakt - www.engineering-universe.de\" \/>\n\n\t\t\t\t\t\t\t<input type=\"hidden\" name=\"queried_id\" value=\"42\"\/>\n\t\t\t\n\t\t\t<div class=\"elementor-form-fields-wrapper elementor-labels-\">\n\t\t\t\t\t\t\t\t<div class=\"elementor-field-type-text elementor-field-group elementor-column elementor-field-group-name elementor-col-100\">\n\t\t\t\t\t\t\t\t\t\t\t\t<label for=\"form-field-name\" class=\"elementor-field-label elementor-screen-only\">\n\t\t\t\t\t\t\t\tName\t\t\t\t\t\t\t<\/label>\n\t\t\t\t\t\t\t\t\t\t\t\t\t\t<input size=\"1\" type=\"text\" name=\"form_fields[name]\" id=\"form-field-name\" class=\"elementor-field elementor-size-sm  elementor-field-textual\" placeholder=\"Name\">\n\t\t\t\t\t\t\t\t\t\t\t<\/div>\n\t\t\t\t\t\t\t\t<div class=\"elementor-field-type-email elementor-field-group elementor-column elementor-field-group-email elementor-col-100 elementor-field-required\">\n\t\t\t\t\t\t\t\t\t\t\t\t<label for=\"form-field-email\" class=\"elementor-field-label elementor-screen-only\">\n\t\t\t\t\t\t\t\tE-Mail\t\t\t\t\t\t\t<\/label>\n\t\t\t\t\t\t\t\t\t\t\t\t\t\t<input size=\"1\" type=\"email\" name=\"form_fields[email]\" id=\"form-field-email\" class=\"elementor-field elementor-size-sm  elementor-field-textual\" placeholder=\"E-Mail\" required=\"required\">\n\t\t\t\t\t\t\t\t\t\t\t<\/div>\n\t\t\t\t\t\t\t\t<div class=\"elementor-field-type-textarea elementor-field-group elementor-column elementor-field-group-message elementor-col-100\">\n\t\t\t\t\t\t\t\t\t\t\t\t<label for=\"form-field-message\" class=\"elementor-field-label elementor-screen-only\">\n\t\t\t\t\t\t\t\tNachricht\t\t\t\t\t\t\t<\/label>\n\t\t\t\t\t\t<textarea class=\"elementor-field-textual elementor-field  elementor-size-sm\" name=\"form_fields[message]\" id=\"form-field-message\" rows=\"4\" placeholder=\"Nachricht\"><\/textarea>\t\t\t\t<\/div>\n\t\t\t\t\t\t\t\t<div class=\"elementor-field-group elementor-column elementor-field-type-submit elementor-col-100 e-form__buttons\">\n\t\t\t\t\t<button class=\"elementor-button elementor-size-sm\" type=\"submit\">\n\t\t\t\t\t\t<span class=\"elementor-button-content-wrapper\">\n\t\t\t\t\t\t\t\t\t\t\t\t\t\t\t\t\t\t\t\t\t\t<span class=\"elementor-button-text\">Abschicken<\/span>\n\t\t\t\t\t\t\t\t\t\t\t\t\t<\/span>\n\t\t\t\t\t<\/button>\n\t\t\t\t<\/div>\n\t\t\t<\/div>\n\t\t<\/form>\n\t\t\t\t\t\t<\/div>\n\t\t\t\t<\/div>\n\t\t\t\t\t<\/div>\n\t\t\t\t<\/div>\n\t\t\t\t<\/div>\n\t\t","protected":false},"excerpt":{"rendered":"<p>Kontakt &amp; Demo Das Team hinter dieser Webseite blickt zur\u00fcck auf fast drei Jahrzehnte Erfahrung in der Entwicklung moderner und zukunftsf\u00e4higer komplexer Produkte, einschlie\u00dflich sicherheitskritischer Systeme. Willert Software Tools GmbHHannoversche Stra\u00dfe 2131675 B\u00fcckeburg Beratung &amp; Support engineering-universe@sodiuswillert.com +49 5722 9678 60<\/p>","protected":false},"author":1,"featured_media":0,"parent":0,"menu_order":70,"comment_status":"closed","ping_status":"closed","template":"","meta":{"footnotes":""},"class_list":["post-42","page","type-page","status-publish","hentry"],"yoast_head":"<!-- This site is optimized with the Yoast SEO plugin v27.4 - https:\/\/yoast.com\/product\/yoast-seo-wordpress\/ -->\n<title>Kontakt - www.engineering-universe.de<\/title>\n<meta name=\"robots\" content=\"index, follow, max-snippet:-1, max-image-preview:large, max-video-preview:-1\" \/>\n<link rel=\"canonical\" href=\"https:\/\/www.engineering-universe.de\/en\/kontakt\/\" \/>\n<meta property=\"og:locale\" content=\"en_US\" \/>\n<meta property=\"og:type\" content=\"article\" \/>\n<meta property=\"og:title\" content=\"Kontakt - www.engineering-universe.de\" \/>\n<meta property=\"og:description\" content=\"Kontakt &amp; Demo Das Team hinter dieser Webseite blickt zur\u00fcck auf fast drei Jahrzehnte Erfahrung in der Entwicklung moderner und zukunftsf\u00e4higer komplexer Produkte, einschlie\u00dflich sicherheitskritischer Systeme. Willert Software Tools GmbHHannoversche Stra\u00dfe 2131675 B\u00fcckeburg Beratung &amp; Support engineering-universe@sodiuswillert.com +49 5722 9678 60\" \/>\n<meta property=\"og:url\" content=\"https:\/\/www.engineering-universe.de\/en\/kontakt\/\" \/>\n<meta property=\"og:site_name\" content=\"www.engineering-universe.de\" \/>\n<meta property=\"article:modified_time\" content=\"2025-12-09T09:35:03+00:00\" \/>\n<meta property=\"og:image\" content=\"https:\/\/www.engineering-universe.de\/wp-content\/uploads\/2025\/12\/SWC_Logo_Vrtcl1_RGB.jpg\" \/>\n\t<meta property=\"og:image:width\" content=\"751\" \/>\n\t<meta property=\"og:image:height\" content=\"301\" \/>\n\t<meta property=\"og:image:type\" content=\"image\/jpeg\" \/>\n<meta name=\"twitter:card\" content=\"summary_large_image\" \/>\n<meta name=\"twitter:label1\" content=\"Est. reading time\" \/>\n\t<meta name=\"twitter:data1\" content=\"1 minute\" \/>\n<script type=\"application\/ld+json\" class=\"yoast-schema-graph\">{\"@context\":\"https:\\\/\\\/schema.org\",\"@graph\":[{\"@type\":\"WebPage\",\"@id\":\"https:\\\/\\\/www.engineering-universe.de\\\/kontakt\\\/\",\"url\":\"https:\\\/\\\/www.engineering-universe.de\\\/kontakt\\\/\",\"name\":\"Kontakt - www.engineering-universe.de\",\"isPartOf\":{\"@id\":\"https:\\\/\\\/www.engineering-universe.de\\\/#website\"},\"primaryImageOfPage\":{\"@id\":\"https:\\\/\\\/www.engineering-universe.de\\\/kontakt\\\/#primaryimage\"},\"image\":{\"@id\":\"https:\\\/\\\/www.engineering-universe.de\\\/kontakt\\\/#primaryimage\"},\"thumbnailUrl\":\"https:\\\/\\\/www.engineering-universe.de\\\/wp-content\\\/uploads\\\/2025\\\/12\\\/SWC_Logo_Vrtcl1_RGB.jpg\",\"datePublished\":\"2025-07-01T09:11:10+00:00\",\"dateModified\":\"2025-12-09T09:35:03+00:00\",\"breadcrumb\":{\"@id\":\"https:\\\/\\\/www.engineering-universe.de\\\/kontakt\\\/#breadcrumb\"},\"inLanguage\":\"en-US\",\"potentialAction\":[{\"@type\":\"ReadAction\",\"target\":[\"https:\\\/\\\/www.engineering-universe.de\\\/kontakt\\\/\"]}]},{\"@type\":\"ImageObject\",\"inLanguage\":\"en-US\",\"@id\":\"https:\\\/\\\/www.engineering-universe.de\\\/kontakt\\\/#primaryimage\",\"url\":\"https:\\\/\\\/www.engineering-universe.de\\\/wp-content\\\/uploads\\\/2025\\\/12\\\/SWC_Logo_Vrtcl1_RGB.jpg\",\"contentUrl\":\"https:\\\/\\\/www.engineering-universe.de\\\/wp-content\\\/uploads\\\/2025\\\/12\\\/SWC_Logo_Vrtcl1_RGB.jpg\"},{\"@type\":\"BreadcrumbList\",\"@id\":\"https:\\\/\\\/www.engineering-universe.de\\\/kontakt\\\/#breadcrumb\",\"itemListElement\":[{\"@type\":\"ListItem\",\"position\":1,\"name\":\"Home\",\"item\":\"https:\\\/\\\/www.engineering-universe.de\\\/\"},{\"@type\":\"ListItem\",\"position\":2,\"name\":\"Kontakt\"}]},{\"@type\":\"WebSite\",\"@id\":\"https:\\\/\\\/www.engineering-universe.de\\\/#website\",\"url\":\"https:\\\/\\\/www.engineering-universe.de\\\/\",\"name\":\"www.engineering-universe.de\",\"description\":\"Komplexit\u00e4t beherrschbar machen \u2013 mit Holistic Engineering\",\"publisher\":{\"@id\":\"https:\\\/\\\/www.engineering-universe.de\\\/#organization\"},\"potentialAction\":[{\"@type\":\"SearchAction\",\"target\":{\"@type\":\"EntryPoint\",\"urlTemplate\":\"https:\\\/\\\/www.engineering-universe.de\\\/?s={search_term_string}\"},\"query-input\":{\"@type\":\"PropertyValueSpecification\",\"valueRequired\":true,\"valueName\":\"search_term_string\"}}],\"inLanguage\":\"en-US\"},{\"@type\":\"Organization\",\"@id\":\"https:\\\/\\\/www.engineering-universe.de\\\/#organization\",\"name\":\"www.engineering-universe.de\",\"url\":\"https:\\\/\\\/www.engineering-universe.de\\\/\",\"logo\":{\"@type\":\"ImageObject\",\"inLanguage\":\"en-US\",\"@id\":\"https:\\\/\\\/www.engineering-universe.de\\\/#\\\/schema\\\/logo\\\/image\\\/\",\"url\":\"https:\\\/\\\/www.engineering-universe.de\\\/wp-content\\\/uploads\\\/2025\\\/08\\\/brain-round-magenta.svg\",\"contentUrl\":\"https:\\\/\\\/www.engineering-universe.de\\\/wp-content\\\/uploads\\\/2025\\\/08\\\/brain-round-magenta.svg\",\"width\":240,\"height\":94.63,\"caption\":\"www.engineering-universe.de\"},\"image\":{\"@id\":\"https:\\\/\\\/www.engineering-universe.de\\\/#\\\/schema\\\/logo\\\/image\\\/\"}}]}<\/script>\n<!-- \/ Yoast SEO plugin. -->","yoast_head_json":{"title":"Kontakt - www.engineering-universe.de","robots":{"index":"index","follow":"follow","max-snippet":"max-snippet:-1","max-image-preview":"max-image-preview:large","max-video-preview":"max-video-preview:-1"},"canonical":"https:\/\/www.engineering-universe.de\/en\/kontakt\/","og_locale":"en_US","og_type":"article","og_title":"Kontakt - www.engineering-universe.de","og_description":"Kontakt &amp; Demo Das Team hinter dieser Webseite blickt zur\u00fcck auf fast drei Jahrzehnte Erfahrung in der Entwicklung moderner und zukunftsf\u00e4higer komplexer Produkte, einschlie\u00dflich sicherheitskritischer Systeme. Willert Software Tools GmbHHannoversche Stra\u00dfe 2131675 B\u00fcckeburg Beratung &amp; Support engineering-universe@sodiuswillert.com +49 5722 9678 60","og_url":"https:\/\/www.engineering-universe.de\/en\/kontakt\/","og_site_name":"www.engineering-universe.de","article_modified_time":"2025-12-09T09:35:03+00:00","og_image":[{"width":751,"height":301,"url":"https:\/\/www.engineering-universe.de\/wp-content\/uploads\/2025\/12\/SWC_Logo_Vrtcl1_RGB.jpg","type":"image\/jpeg"}],"twitter_card":"summary_large_image","twitter_misc":{"Est. reading time":"1 minute"},"schema":{"@context":"https:\/\/schema.org","@graph":[{"@type":"WebPage","@id":"https:\/\/www.engineering-universe.de\/kontakt\/","url":"https:\/\/www.engineering-universe.de\/kontakt\/","name":"Kontakt - www.engineering-universe.de","isPartOf":{"@id":"https:\/\/www.engineering-universe.de\/#website"},"primaryImageOfPage":{"@id":"https:\/\/www.engineering-universe.de\/kontakt\/#primaryimage"},"image":{"@id":"https:\/\/www.engineering-universe.de\/kontakt\/#primaryimage"},"thumbnailUrl":"https:\/\/www.engineering-universe.de\/wp-content\/uploads\/2025\/12\/SWC_Logo_Vrtcl1_RGB.jpg","datePublished":"2025-07-01T09:11:10+00:00","dateModified":"2025-12-09T09:35:03+00:00","breadcrumb":{"@id":"https:\/\/www.engineering-universe.de\/kontakt\/#breadcrumb"},"inLanguage":"en-US","potentialAction":[{"@type":"ReadAction","target":["https:\/\/www.engineering-universe.de\/kontakt\/"]}]},{"@type":"ImageObject","inLanguage":"en-US","@id":"https:\/\/www.engineering-universe.de\/kontakt\/#primaryimage","url":"https:\/\/www.engineering-universe.de\/wp-content\/uploads\/2025\/12\/SWC_Logo_Vrtcl1_RGB.jpg","contentUrl":"https:\/\/www.engineering-universe.de\/wp-content\/uploads\/2025\/12\/SWC_Logo_Vrtcl1_RGB.jpg"},{"@type":"BreadcrumbList","@id":"https:\/\/www.engineering-universe.de\/kontakt\/#breadcrumb","itemListElement":[{"@type":"ListItem","position":1,"name":"Home","item":"https:\/\/www.engineering-universe.de\/"},{"@type":"ListItem","position":2,"name":"Kontakt"}]},{"@type":"WebSite","@id":"https:\/\/www.engineering-universe.de\/#website","url":"https:\/\/www.engineering-universe.de\/","name":"www.engineering-universe.de","description":"Komplexit\u00e4t beherrschbar machen \u2013 mit Holistic Engineering","publisher":{"@id":"https:\/\/www.engineering-universe.de\/#organization"},"potentialAction":[{"@type":"SearchAction","target":{"@type":"EntryPoint","urlTemplate":"https:\/\/www.engineering-universe.de\/?s={search_term_string}"},"query-input":{"@type":"PropertyValueSpecification","valueRequired":true,"valueName":"search_term_string"}}],"inLanguage":"en-US"},{"@type":"Organization","@id":"https:\/\/www.engineering-universe.de\/#organization","name":"www.engineering-universe.de","url":"https:\/\/www.engineering-universe.de\/","logo":{"@type":"ImageObject","inLanguage":"en-US","@id":"https:\/\/www.engineering-universe.de\/#\/schema\/logo\/image\/","url":"https:\/\/www.engineering-universe.de\/wp-content\/uploads\/2025\/08\/brain-round-magenta.svg","contentUrl":"https:\/\/www.engineering-universe.de\/wp-content\/uploads\/2025\/08\/brain-round-magenta.svg","width":240,"height":94.63,"caption":"www.engineering-universe.de"},"image":{"@id":"https:\/\/www.engineering-universe.de\/#\/schema\/logo\/image\/"}}]}},"_links":{"self":[{"href":"https:\/\/www.engineering-universe.de\/en\/wp-json\/wp\/v2\/pages\/42","targetHints":{"allow":["GET"]}}],"collection":[{"href":"https:\/\/www.engineering-universe.de\/en\/wp-json\/wp\/v2\/pages"}],"about":[{"href":"https:\/\/www.engineering-universe.de\/en\/wp-json\/wp\/v2\/types\/page"}],"author":[{"embeddable":true,"href":"https:\/\/www.engineering-universe.de\/en\/wp-json\/wp\/v2\/users\/1"}],"replies":[{"embeddable":true,"href":"https:\/\/www.engineering-universe.de\/en\/wp-json\/wp\/v2\/comments?post=42"}],"version-history":[{"count":47,"href":"https:\/\/www.engineering-universe.de\/en\/wp-json\/wp\/v2\/pages\/42\/revisions"}],"predecessor-version":[{"id":2739,"href":"https:\/\/www.engineering-universe.de\/en\/wp-json\/wp\/v2\/pages\/42\/revisions\/2739"}],"wp:attachment":[{"href":"https:\/\/www.engineering-universe.de\/en\/wp-json\/wp\/v2\/media?parent=42"}],"curies":[{"name":"wp","href":"https:\/\/api.w.org\/{rel}","templated":true}]}}