{"id":38,"date":"2025-07-01T11:10:08","date_gmt":"2025-07-01T09:10:08","guid":{"rendered":"https:\/\/www.engineering-universe.de\/?page_id=38"},"modified":"2025-12-09T11:29:08","modified_gmt":"2025-12-09T10:29:08","slug":"schnittstellen-integration","status":"publish","type":"page","link":"https:\/\/www.engineering-universe.de\/en\/schnittstellen-integration\/","title":{"rendered":"Interfaces &amp; Integration"},"content":{"rendered":"<div data-elementor-type=\"wp-page\" data-elementor-id=\"38\" class=\"elementor elementor-38\" data-elementor-post-type=\"page\">\n\t\t\t\t<div class=\"elementor-element elementor-element-708db3f1 e-flex e-con-boxed e-con e-parent\" data-id=\"708db3f1\" data-element_type=\"container\" data-e-type=\"container\" data-settings=\"{&quot;background_background&quot;:&quot;classic&quot;}\">\n\t\t\t\t\t<div class=\"e-con-inner\">\n\t\t\t\t<div class=\"elementor-element elementor-element-1697d04c elementor-widget elementor-widget-heading\" data-id=\"1697d04c\" data-element_type=\"widget\" data-e-type=\"widget\" data-widget_type=\"heading.default\">\n\t\t\t\t<div class=\"elementor-widget-container\">\n\t\t\t\t\t<h1 class=\"elementor-heading-title elementor-size-default\">Interfaces &amp; Integration<\/h1>\t\t\t\t<\/div>\n\t\t\t\t<\/div>\n\t\t\t\t\t<\/div>\n\t\t\t\t<\/div>\n\t\t<div class=\"elementor-element elementor-element-5ef740e0 e-flex e-con-boxed e-con e-parent\" data-id=\"5ef740e0\" data-element_type=\"container\" data-e-type=\"container\" data-settings=\"{&quot;background_background&quot;:&quot;classic&quot;}\">\n\t\t\t\t\t<div class=\"e-con-inner\">\n\t\t<div class=\"elementor-element elementor-element-4493cb2 e-con-full e-flex e-con e-child\" data-id=\"4493cb2\" data-element_type=\"container\" data-e-type=\"container\">\n\t\t\t\t<div class=\"elementor-element elementor-element-21e636dd elementor-widget elementor-widget-heading\" data-id=\"21e636dd\" data-element_type=\"widget\" data-e-type=\"widget\" data-widget_type=\"heading.default\">\n\t\t\t\t<div class=\"elementor-widget-container\">\n\t\t\t\t\t<h2 class=\"elementor-heading-title elementor-size-default\">How true integration between tools can be accomplished<\/h2>\t\t\t\t<\/div>\n\t\t\t\t<\/div>\n\t\t\t\t<div class=\"elementor-element elementor-element-180cee43 elementor-widget elementor-widget-text-editor\" data-id=\"180cee43\" data-element_type=\"widget\" data-e-type=\"widget\" data-widget_type=\"text-editor.default\">\n\t\t\t\t<div class=\"elementor-widget-container\">\n\t\t\t\t\t\t\t\t\t<p>Tool integration is probably one of the most common challenges in typical engineering environments. Interdisciplinary collaboration in project teams requires consistent real-time collaboration across tool boundaries. Separated \u201ctool silos\u201d lead to delays, errors, and a lack of coordination between teams.<\/p><p>Specialized tools used by teams and domains often operate in isolation from one another, with incompatible structures and formats that impair data exchange. Poor integration into engineering toolchains results in fragmented workflows and a lack of coordination between teams. This leads to distributed and asynchronous information, making it difficult to maintain a consistent overview of the project.<\/p><p>Reporting can also be affected if data sources are not properly linked, which impairs transparency with regard to project progress.\u00a0<\/p><p>Even more critical is the significantly reduced traceability: links between requirements, tests, and errors may be incomplete or even missing, which makes it difficult to analyze the impact of changes and, in particular, to prove compliance.<\/p><p>A strategy for seamless digital integration across the entire toolchain minimizes these risks and forms the foundation for the project's digital thread.<\/p>\t\t\t\t\t\t\t\t<\/div>\n\t\t\t\t<\/div>\n\t\t\t\t<\/div>\n\t\t\t\t\t<\/div>\n\t\t\t\t<\/div>\n\t\t<div class=\"elementor-element elementor-element-1fec8f6e e-flex e-con-boxed e-con e-parent\" data-id=\"1fec8f6e\" data-element_type=\"container\" data-e-type=\"container\">\n\t\t\t\t\t<div class=\"e-con-inner\">\n\t\t<div class=\"elementor-element elementor-element-5c344857 e-con-full e-flex e-con e-child\" data-id=\"5c344857\" data-element_type=\"container\" data-e-type=\"container\">\n\t\t\t\t<div class=\"elementor-element elementor-element-5bccd0bf elementor-widget elementor-widget-heading\" data-id=\"5bccd0bf\" data-element_type=\"widget\" data-e-type=\"widget\" data-widget_type=\"heading.default\">\n\t\t\t\t<div class=\"elementor-widget-container\">\n\t\t\t\t\t<h3 class=\"elementor-heading-title elementor-size-default\">Interoperability &amp; Data Exchange<\/h3>\t\t\t\t<\/div>\n\t\t\t\t<\/div>\n\t\t\t\t<div class=\"elementor-element elementor-element-326ecd38 elementor-widget elementor-widget-text-editor\" data-id=\"326ecd38\" data-element_type=\"widget\" data-e-type=\"widget\" data-widget_type=\"text-editor.default\">\n\t\t\t\t<div class=\"elementor-widget-container\">\n\t\t\t\t\t\t\t\t\t<p class=\"translation-block\">True interoperability between tools in the engineering lifecycle is achieved when everyone in the team can visualize <strong>artifacts from other tools<\/strong> in his\/her own tool environment in <strong>real time<\/strong> and <strong>without conversion<\/strong> or <strong>synchronization<\/strong>. This creates the <strong>digital thread.<\/strong><\/p><p class=\"translation-block\">This requires the use of a common, ideally standardized access method for all engineering artifacts created in the project. One example of such a standard is <strong>OSLC<\/strong> (<strong>Open Services for Lifecycle Collaboration<\/strong>).<\/p><p class=\"translation-block\">Thanks to <strong>standardized APIs<\/strong>, OSLC provides a unified solution for linking data. Its central function is to establish relationships between engineering artifacts and their repositories without having to replicate data or implement new interfaces.<\/p>\t\t\t\t\t\t\t\t<\/div>\n\t\t\t\t<\/div>\n\t\t\t\t<\/div>\n\t\t<div class=\"elementor-element elementor-element-2601899 e-con-full e-flex e-con e-child\" data-id=\"2601899\" data-element_type=\"container\" data-e-type=\"container\" data-settings=\"{&quot;background_background&quot;:&quot;classic&quot;}\">\n\t\t\t\t<div class=\"elementor-element elementor-element-7803eb3d elementor-widget elementor-widget-image\" data-id=\"7803eb3d\" data-element_type=\"widget\" data-e-type=\"widget\" data-widget_type=\"image.default\">\n\t\t\t\t<div class=\"elementor-widget-container\">\n\t\t\t\t\t\t\t\t\t\t\t\t\t\t\t<img fetchpriority=\"high\" decoding=\"async\" width=\"544\" height=\"452\" src=\"https:\/\/www.engineering-universe.de\/wp-content\/uploads\/2025\/11\/Zusammenspiel-Icon.svg\" class=\"attachment-medium_large size-medium_large wp-image-2560\" alt=\"\" \/>\t\t\t\t\t\t\t\t\t\t\t\t\t\t\t<\/div>\n\t\t\t\t<\/div>\n\t\t\t\t<\/div>\n\t\t\t\t\t<\/div>\n\t\t\t\t<\/div>\n\t\t<div class=\"elementor-element elementor-element-154d948 e-flex e-con-boxed e-con e-parent\" data-id=\"154d948\" data-element_type=\"container\" data-e-type=\"container\">\n\t\t\t\t\t<div class=\"e-con-inner\">\n\t\t<div class=\"elementor-element elementor-element-756cd354 e-con-full e-flex e-con e-child\" data-id=\"756cd354\" data-element_type=\"container\" data-e-type=\"container\" data-settings=\"{&quot;background_background&quot;:&quot;classic&quot;}\">\n\t\t\t\t<div class=\"elementor-element elementor-element-48ec7e43 elementor-widget elementor-widget-image\" data-id=\"48ec7e43\" data-element_type=\"widget\" data-e-type=\"widget\" data-widget_type=\"image.default\">\n\t\t\t\t<div class=\"elementor-widget-container\">\n\t\t\t\t\t\t\t\t\t\t\t\t\t\t\t<img decoding=\"async\" width=\"504\" height=\"428\" src=\"https:\/\/www.engineering-universe.de\/wp-content\/uploads\/2025\/11\/management.svg\" class=\"attachment-medium_large size-medium_large wp-image-2447\" alt=\"\" \/>\t\t\t\t\t\t\t\t\t\t\t\t\t\t\t<\/div>\n\t\t\t\t<\/div>\n\t\t\t\t<\/div>\n\t\t<div class=\"elementor-element elementor-element-13cf481d e-con-full e-flex e-con e-child\" data-id=\"13cf481d\" data-element_type=\"container\" data-e-type=\"container\">\n\t\t\t\t<div class=\"elementor-element elementor-element-3d99ffde elementor-widget elementor-widget-heading\" data-id=\"3d99ffde\" data-element_type=\"widget\" data-e-type=\"widget\" data-widget_type=\"heading.default\">\n\t\t\t\t<div class=\"elementor-widget-container\">\n\t\t\t\t\t<h3 class=\"elementor-heading-title elementor-size-default\">Integration of your existing tools\n<\/h3>\t\t\t\t<\/div>\n\t\t\t\t<\/div>\n\t\t\t\t<div class=\"elementor-element elementor-element-17f141dc elementor-widget elementor-widget-text-editor\" data-id=\"17f141dc\" data-element_type=\"widget\" data-e-type=\"widget\" data-widget_type=\"text-editor.default\">\n\t\t\t\t<div class=\"elementor-widget-container translation-block\">Digital integration of all engineering artifacts does not necessarily require replacing all existing tools with tools that are compatible with a standardized platform.<br><br>There are several proven adapters for the standardized OSLC platform that allow you to connect existing tools to OSLC. This enables you to achieve a consistent digital thread even in environments where not all tools are natively OSLC-compatible.<br><br>For the widely used Atlassian tools Jira and Confluence, there are <a href=\"https:\/\/www.sodiuswillert.com\/en\/products\/oslc-connect-for-jira\" target=\"_blank\" rel=\"noopener\">OSLC connectors<\/a> from SodiusWillert that have already proven their practicality for many customers.<br><br>One way to make the digital thread visible and traceable in a heterogeneous tool chain is <a href=\"https:\/\/www.sodiuswillert.com\/en\/products\/secollab\" target=\"_blank\" rel=\"noopener\">SECollab<\/a> from SodiusWillert, a web-based solution in which all artifacts can be visualized with their links.<br><br>For connecting models created and edited in IBM Rhapsody, there is the <a href=\"https:\/\/www.sodiuswillert.com\/en\/ibm-elm\/rhapsody-model-manager\" target=\"_blank\" rel=\"noopener\">IBM Rhapsody Model Manager<\/a>, which provides access to the OSLC platform.<\/div>\n\t\t\t\t<\/div>\n\t\t\t\t<\/div>\n\t\t\t\t\t<\/div>\n\t\t\t\t<\/div>\n\t\t<div class=\"elementor-element elementor-element-2a78d3b7 e-flex e-con-boxed e-con e-parent\" data-id=\"2a78d3b7\" data-element_type=\"container\" data-e-type=\"container\">\n\t\t\t\t\t<div class=\"e-con-inner\">\n\t\t<div class=\"elementor-element elementor-element-157d36c e-con-full e-flex e-con e-child\" data-id=\"157d36c\" data-element_type=\"container\" data-e-type=\"container\">\n\t\t\t\t<div class=\"elementor-element elementor-element-54620649 elementor-widget elementor-widget-heading\" data-id=\"54620649\" data-element_type=\"widget\" data-e-type=\"widget\" data-widget_type=\"heading.default\">\n\t\t\t\t<div class=\"elementor-widget-container\">\n\t\t\t\t\t<h3 class=\"elementor-heading-title elementor-size-default\">Customization options<\/h3>\t\t\t\t<\/div>\n\t\t\t\t<\/div>\n\t\t\t\t<div class=\"elementor-element elementor-element-c872c39 elementor-widget elementor-widget-text-editor\" data-id=\"c872c39\" data-element_type=\"widget\" data-e-type=\"widget\" data-widget_type=\"text-editor.default\">\n\t\t\t\t<div class=\"elementor-widget-container\">\n\t\t\t\t\t\t\t\t\t<p>Every engineering organization has its own specific tool environment. The options outlined so far may not be directly applicable to your development environment. However, this does not necessarily mean that existing integration gaps cannot be bridged.<\/p><p>Most commercially available tools offer additional interfaces or other extension options that can be used to establish or improve integration. With the help of an experienced project partner, check which options are available for adapting your specific tool environment in order to achieve the best possible result with the least possible effort: preserving established and well-operating processes and filling gaps with tailor-made solutions. This effectively reduces the workload on your development teams and allows projects to be completed faster.<\/p>\t\t\t\t\t\t\t\t<\/div>\n\t\t\t\t<\/div>\n\t\t\t\t<\/div>\n\t\t<div class=\"elementor-element elementor-element-4db591ee e-con-full e-flex e-con e-child\" data-id=\"4db591ee\" data-element_type=\"container\" data-e-type=\"container\" data-settings=\"{&quot;background_background&quot;:&quot;classic&quot;}\">\n\t\t\t\t<div class=\"elementor-element elementor-element-6e4977d elementor-widget elementor-widget-image\" data-id=\"6e4977d\" data-element_type=\"widget\" data-e-type=\"widget\" data-widget_type=\"image.default\">\n\t\t\t\t<div class=\"elementor-widget-container\">\n\t\t\t\t\t\t\t\t\t\t\t\t\t\t\t<img decoding=\"async\" width=\"510\" height=\"470\" src=\"https:\/\/www.engineering-universe.de\/wp-content\/uploads\/2025\/11\/zusammenspiel2.svg\" class=\"attachment-medium_large size-medium_large wp-image-2468\" alt=\"\" \/>\t\t\t\t\t\t\t\t\t\t\t\t\t\t\t<\/div>\n\t\t\t\t<\/div>\n\t\t\t\t<\/div>\n\t\t\t\t\t<\/div>\n\t\t\t\t<\/div>\n\t\t<div class=\"elementor-element elementor-element-48636d1 e-flex e-con-boxed e-con e-parent\" data-id=\"48636d1\" data-element_type=\"container\" data-e-type=\"container\" data-settings=\"{&quot;background_background&quot;:&quot;gradient&quot;}\">\n\t\t\t\t\t<div class=\"e-con-inner\">\n\t\t<div class=\"elementor-element elementor-element-4562465 e-con-full e-flex e-con e-child\" data-id=\"4562465\" data-element_type=\"container\" data-e-type=\"container\">\n\t\t\t\t<div class=\"elementor-element elementor-element-06b8bd9 elementor-widget__width-initial elementor-widget elementor-widget-heading\" data-id=\"06b8bd9\" data-element_type=\"widget\" data-e-type=\"widget\" data-widget_type=\"heading.default\">\n\t\t\t\t<div class=\"elementor-widget-container\">\n\t\t\t\t\t<h2 class=\"elementor-heading-title elementor-size-default\">Note:<\/h2>\t\t\t\t<\/div>\n\t\t\t\t<\/div>\n\t\t\t\t<\/div>\n\t\t<div class=\"elementor-element elementor-element-2ec7efd e-con-full e-flex e-con e-child\" data-id=\"2ec7efd\" data-element_type=\"container\" data-e-type=\"container\">\n\t\t\t\t<div class=\"elementor-element elementor-element-72e270c elementor-widget elementor-widget-heading\" data-id=\"72e270c\" data-element_type=\"widget\" data-e-type=\"widget\" data-widget_type=\"heading.default\">\n\t\t\t\t<div class=\"elementor-widget-container\">\n\t\t\t\t\t<h4 class=\"elementor-heading-title elementor-size-default\">Integration gaps in your development environment? <\/h4>\t\t\t\t<\/div>\n\t\t\t\t<\/div>\n\t\t\t\t<div class=\"elementor-element elementor-element-332566f elementor-widget__width-initial elementor-widget elementor-widget-text-editor\" data-id=\"332566f\" data-element_type=\"widget\" data-e-type=\"widget\" data-widget_type=\"text-editor.default\">\n\t\t\t\t<div class=\"elementor-widget-container\">\n\t\t\t\t\t\t\t\t\t<p class=\"translation-block\"><strong>SodiusWillert is your partner for seamless tool integration.<\/strong> With decades of expertise, we accompany you from selection to customized adaptation and integration to productive use\u2014including hotline support and training.<\/p>\t\t\t\t\t\t\t\t<\/div>\n\t\t\t\t<\/div>\n\t\t\t\t<div class=\"elementor-element elementor-element-60baff0 elementor-align-right elementor-widget elementor-widget-button\" data-id=\"60baff0\" data-element_type=\"widget\" data-e-type=\"widget\" data-widget_type=\"button.default\">\n\t\t\t\t<div class=\"elementor-widget-container\">\n\t\t\t\t\t\t\t\t\t<div class=\"elementor-button-wrapper\">\n\t\t\t\t\t<a class=\"elementor-button elementor-button-link elementor-size-sm\" href=\"https:\/\/www.engineering-universe.de\/en\/kontakt\/\" target=\"_blank\">\n\t\t\t\t\t\t<span class=\"elementor-button-content-wrapper\">\n\t\t\t\t\t\t\t\t\t<span class=\"elementor-button-text\">Contact<\/span>\n\t\t\t\t\t<\/span>\n\t\t\t\t\t<\/a>\n\t\t\t\t<\/div>\n\t\t\t\t\t\t\t\t<\/div>\n\t\t\t\t<\/div>\n\t\t\t\t<\/div>\n\t\t\t\t\t<\/div>\n\t\t\t\t<\/div>\n\t\t\t\t<\/div>","protected":false},"excerpt":{"rendered":"<p>Schnittstellen &amp; Integration Wie echte Integration zwischen Tools gelingen kann Die Integration von Tools ist wahrscheinlich eine der h\u00e4ufigsten Herausforderungen in typischen Engineering-Umgebungen. Die interdisziplin\u00e4re Zusammenarbeit in den Projektteams erfordert eine konsistente Zusammenarbeit in Echtzeit \u00fcber Toolgrenzen hinweg. Isolierte &#8222;Tool-Silos&#8220; f\u00fchren zu Verz\u00f6gerungen, Fehlern und mangelnder Abstimmung zwischen den Teams. Spezialisierte Tools, die von Teams [&hellip;]<\/p>\n","protected":false},"author":1,"featured_media":0,"parent":0,"menu_order":50,"comment_status":"closed","ping_status":"closed","template":"","meta":{"footnotes":""},"class_list":["post-38","page","type-page","status-publish","hentry"],"yoast_head":"<!-- This site is optimized with the Yoast SEO plugin v27.4 - https:\/\/yoast.com\/product\/yoast-seo-wordpress\/ -->\n<title>Schnittstellen &amp; Integration - www.engineering-universe.de<\/title>\n<meta name=\"robots\" content=\"index, follow, max-snippet:-1, max-image-preview:large, max-video-preview:-1\" \/>\n<link rel=\"canonical\" href=\"https:\/\/www.engineering-universe.de\/en\/schnittstellen-integration\/\" \/>\n<meta property=\"og:locale\" content=\"en_US\" \/>\n<meta property=\"og:type\" content=\"article\" \/>\n<meta property=\"og:title\" content=\"Schnittstellen &amp; Integration - www.engineering-universe.de\" \/>\n<meta property=\"og:description\" content=\"Schnittstellen &amp; Integration Wie echte Integration zwischen Tools gelingen kann Die Integration von Tools ist wahrscheinlich eine der h\u00e4ufigsten Herausforderungen in typischen Engineering-Umgebungen. Die interdisziplin\u00e4re Zusammenarbeit in den Projektteams erfordert eine konsistente Zusammenarbeit in Echtzeit \u00fcber Toolgrenzen hinweg. Isolierte &#8222;Tool-Silos&#8220; f\u00fchren zu Verz\u00f6gerungen, Fehlern und mangelnder Abstimmung zwischen den Teams. Spezialisierte Tools, die von Teams [&hellip;]\" \/>\n<meta property=\"og:url\" content=\"https:\/\/www.engineering-universe.de\/en\/schnittstellen-integration\/\" \/>\n<meta property=\"og:site_name\" content=\"www.engineering-universe.de\" \/>\n<meta property=\"article:modified_time\" content=\"2025-12-09T10:29:08+00:00\" \/>\n<meta name=\"twitter:card\" content=\"summary_large_image\" \/>\n<meta name=\"twitter:label1\" content=\"Est. reading time\" \/>\n\t<meta name=\"twitter:data1\" content=\"4 minutes\" \/>\n<script type=\"application\/ld+json\" class=\"yoast-schema-graph\">{\"@context\":\"https:\\\/\\\/schema.org\",\"@graph\":[{\"@type\":\"WebPage\",\"@id\":\"https:\\\/\\\/www.engineering-universe.de\\\/schnittstellen-integration\\\/\",\"url\":\"https:\\\/\\\/www.engineering-universe.de\\\/schnittstellen-integration\\\/\",\"name\":\"Schnittstellen & Integration - www.engineering-universe.de\",\"isPartOf\":{\"@id\":\"https:\\\/\\\/www.engineering-universe.de\\\/#website\"},\"primaryImageOfPage\":{\"@id\":\"https:\\\/\\\/www.engineering-universe.de\\\/schnittstellen-integration\\\/#primaryimage\"},\"image\":{\"@id\":\"https:\\\/\\\/www.engineering-universe.de\\\/schnittstellen-integration\\\/#primaryimage\"},\"thumbnailUrl\":\"https:\\\/\\\/www.engineering-universe.de\\\/wp-content\\\/uploads\\\/2025\\\/11\\\/Zusammenspiel-Icon.svg\",\"datePublished\":\"2025-07-01T09:10:08+00:00\",\"dateModified\":\"2025-12-09T10:29:08+00:00\",\"breadcrumb\":{\"@id\":\"https:\\\/\\\/www.engineering-universe.de\\\/schnittstellen-integration\\\/#breadcrumb\"},\"inLanguage\":\"en-US\",\"potentialAction\":[{\"@type\":\"ReadAction\",\"target\":[\"https:\\\/\\\/www.engineering-universe.de\\\/schnittstellen-integration\\\/\"]}]},{\"@type\":\"ImageObject\",\"inLanguage\":\"en-US\",\"@id\":\"https:\\\/\\\/www.engineering-universe.de\\\/schnittstellen-integration\\\/#primaryimage\",\"url\":\"https:\\\/\\\/www.engineering-universe.de\\\/wp-content\\\/uploads\\\/2025\\\/11\\\/Zusammenspiel-Icon.svg\",\"contentUrl\":\"https:\\\/\\\/www.engineering-universe.de\\\/wp-content\\\/uploads\\\/2025\\\/11\\\/Zusammenspiel-Icon.svg\"},{\"@type\":\"BreadcrumbList\",\"@id\":\"https:\\\/\\\/www.engineering-universe.de\\\/schnittstellen-integration\\\/#breadcrumb\",\"itemListElement\":[{\"@type\":\"ListItem\",\"position\":1,\"name\":\"Home\",\"item\":\"https:\\\/\\\/www.engineering-universe.de\\\/\"},{\"@type\":\"ListItem\",\"position\":2,\"name\":\"Schnittstellen &#038; Integration\"}]},{\"@type\":\"WebSite\",\"@id\":\"https:\\\/\\\/www.engineering-universe.de\\\/#website\",\"url\":\"https:\\\/\\\/www.engineering-universe.de\\\/\",\"name\":\"www.engineering-universe.de\",\"description\":\"Komplexit\u00e4t beherrschbar machen \u2013 mit Holistic Engineering\",\"publisher\":{\"@id\":\"https:\\\/\\\/www.engineering-universe.de\\\/#organization\"},\"potentialAction\":[{\"@type\":\"SearchAction\",\"target\":{\"@type\":\"EntryPoint\",\"urlTemplate\":\"https:\\\/\\\/www.engineering-universe.de\\\/?s={search_term_string}\"},\"query-input\":{\"@type\":\"PropertyValueSpecification\",\"valueRequired\":true,\"valueName\":\"search_term_string\"}}],\"inLanguage\":\"en-US\"},{\"@type\":\"Organization\",\"@id\":\"https:\\\/\\\/www.engineering-universe.de\\\/#organization\",\"name\":\"www.engineering-universe.de\",\"url\":\"https:\\\/\\\/www.engineering-universe.de\\\/\",\"logo\":{\"@type\":\"ImageObject\",\"inLanguage\":\"en-US\",\"@id\":\"https:\\\/\\\/www.engineering-universe.de\\\/#\\\/schema\\\/logo\\\/image\\\/\",\"url\":\"https:\\\/\\\/www.engineering-universe.de\\\/wp-content\\\/uploads\\\/2025\\\/08\\\/brain-round-magenta.svg\",\"contentUrl\":\"https:\\\/\\\/www.engineering-universe.de\\\/wp-content\\\/uploads\\\/2025\\\/08\\\/brain-round-magenta.svg\",\"width\":240,\"height\":94.63,\"caption\":\"www.engineering-universe.de\"},\"image\":{\"@id\":\"https:\\\/\\\/www.engineering-universe.de\\\/#\\\/schema\\\/logo\\\/image\\\/\"}}]}<\/script>\n<!-- \/ Yoast SEO plugin. -->","yoast_head_json":{"title":"Schnittstellen & Integration - www.engineering-universe.de","robots":{"index":"index","follow":"follow","max-snippet":"max-snippet:-1","max-image-preview":"max-image-preview:large","max-video-preview":"max-video-preview:-1"},"canonical":"https:\/\/www.engineering-universe.de\/en\/schnittstellen-integration\/","og_locale":"en_US","og_type":"article","og_title":"Schnittstellen & Integration - www.engineering-universe.de","og_description":"Schnittstellen &amp; Integration Wie echte Integration zwischen Tools gelingen kann Die Integration von Tools ist wahrscheinlich eine der h\u00e4ufigsten Herausforderungen in typischen Engineering-Umgebungen. Die interdisziplin\u00e4re Zusammenarbeit in den Projektteams erfordert eine konsistente Zusammenarbeit in Echtzeit \u00fcber Toolgrenzen hinweg. Isolierte &#8222;Tool-Silos&#8220; f\u00fchren zu Verz\u00f6gerungen, Fehlern und mangelnder Abstimmung zwischen den Teams. Spezialisierte Tools, die von Teams [&hellip;]","og_url":"https:\/\/www.engineering-universe.de\/en\/schnittstellen-integration\/","og_site_name":"www.engineering-universe.de","article_modified_time":"2025-12-09T10:29:08+00:00","twitter_card":"summary_large_image","twitter_misc":{"Est. reading time":"4 minutes"},"schema":{"@context":"https:\/\/schema.org","@graph":[{"@type":"WebPage","@id":"https:\/\/www.engineering-universe.de\/schnittstellen-integration\/","url":"https:\/\/www.engineering-universe.de\/schnittstellen-integration\/","name":"Schnittstellen & Integration - www.engineering-universe.de","isPartOf":{"@id":"https:\/\/www.engineering-universe.de\/#website"},"primaryImageOfPage":{"@id":"https:\/\/www.engineering-universe.de\/schnittstellen-integration\/#primaryimage"},"image":{"@id":"https:\/\/www.engineering-universe.de\/schnittstellen-integration\/#primaryimage"},"thumbnailUrl":"https:\/\/www.engineering-universe.de\/wp-content\/uploads\/2025\/11\/Zusammenspiel-Icon.svg","datePublished":"2025-07-01T09:10:08+00:00","dateModified":"2025-12-09T10:29:08+00:00","breadcrumb":{"@id":"https:\/\/www.engineering-universe.de\/schnittstellen-integration\/#breadcrumb"},"inLanguage":"en-US","potentialAction":[{"@type":"ReadAction","target":["https:\/\/www.engineering-universe.de\/schnittstellen-integration\/"]}]},{"@type":"ImageObject","inLanguage":"en-US","@id":"https:\/\/www.engineering-universe.de\/schnittstellen-integration\/#primaryimage","url":"https:\/\/www.engineering-universe.de\/wp-content\/uploads\/2025\/11\/Zusammenspiel-Icon.svg","contentUrl":"https:\/\/www.engineering-universe.de\/wp-content\/uploads\/2025\/11\/Zusammenspiel-Icon.svg"},{"@type":"BreadcrumbList","@id":"https:\/\/www.engineering-universe.de\/schnittstellen-integration\/#breadcrumb","itemListElement":[{"@type":"ListItem","position":1,"name":"Home","item":"https:\/\/www.engineering-universe.de\/"},{"@type":"ListItem","position":2,"name":"Schnittstellen &#038; Integration"}]},{"@type":"WebSite","@id":"https:\/\/www.engineering-universe.de\/#website","url":"https:\/\/www.engineering-universe.de\/","name":"www.engineering-universe.de","description":"Komplexit\u00e4t beherrschbar machen \u2013 mit Holistic Engineering","publisher":{"@id":"https:\/\/www.engineering-universe.de\/#organization"},"potentialAction":[{"@type":"SearchAction","target":{"@type":"EntryPoint","urlTemplate":"https:\/\/www.engineering-universe.de\/?s={search_term_string}"},"query-input":{"@type":"PropertyValueSpecification","valueRequired":true,"valueName":"search_term_string"}}],"inLanguage":"en-US"},{"@type":"Organization","@id":"https:\/\/www.engineering-universe.de\/#organization","name":"www.engineering-universe.de","url":"https:\/\/www.engineering-universe.de\/","logo":{"@type":"ImageObject","inLanguage":"en-US","@id":"https:\/\/www.engineering-universe.de\/#\/schema\/logo\/image\/","url":"https:\/\/www.engineering-universe.de\/wp-content\/uploads\/2025\/08\/brain-round-magenta.svg","contentUrl":"https:\/\/www.engineering-universe.de\/wp-content\/uploads\/2025\/08\/brain-round-magenta.svg","width":240,"height":94.63,"caption":"www.engineering-universe.de"},"image":{"@id":"https:\/\/www.engineering-universe.de\/#\/schema\/logo\/image\/"}}]}},"_links":{"self":[{"href":"https:\/\/www.engineering-universe.de\/en\/wp-json\/wp\/v2\/pages\/38","targetHints":{"allow":["GET"]}}],"collection":[{"href":"https:\/\/www.engineering-universe.de\/en\/wp-json\/wp\/v2\/pages"}],"about":[{"href":"https:\/\/www.engineering-universe.de\/en\/wp-json\/wp\/v2\/types\/page"}],"author":[{"embeddable":true,"href":"https:\/\/www.engineering-universe.de\/en\/wp-json\/wp\/v2\/users\/1"}],"replies":[{"embeddable":true,"href":"https:\/\/www.engineering-universe.de\/en\/wp-json\/wp\/v2\/comments?post=38"}],"version-history":[{"count":86,"href":"https:\/\/www.engineering-universe.de\/en\/wp-json\/wp\/v2\/pages\/38\/revisions"}],"predecessor-version":[{"id":2747,"href":"https:\/\/www.engineering-universe.de\/en\/wp-json\/wp\/v2\/pages\/38\/revisions\/2747"}],"wp:attachment":[{"href":"https:\/\/www.engineering-universe.de\/en\/wp-json\/wp\/v2\/media?parent=38"}],"curies":[{"name":"wp","href":"https:\/\/api.w.org\/{rel}","templated":true}]}}