{"id":30,"date":"2025-07-01T11:07:57","date_gmt":"2025-07-01T09:07:57","guid":{"rendered":"https:\/\/www.engineering-universe.de\/?page_id=30"},"modified":"2025-12-08T12:15:44","modified_gmt":"2025-12-08T11:15:44","slug":"warum-holistic-engineering","status":"publish","type":"page","link":"https:\/\/www.engineering-universe.de\/en\/warum-holistic-engineering\/","title":{"rendered":"Why Holistic Engineering"},"content":{"rendered":"<div data-elementor-type=\"wp-page\" data-elementor-id=\"30\" class=\"elementor elementor-30\" data-elementor-post-type=\"page\">\n\t\t\t\t<div class=\"elementor-element elementor-element-8b77038 e-flex e-con-boxed e-con e-parent\" data-id=\"8b77038\" data-element_type=\"container\" data-e-type=\"container\" data-settings=\"{&quot;background_background&quot;:&quot;classic&quot;}\">\n\t\t\t\t\t<div class=\"e-con-inner\">\n\t\t\t\t<div class=\"elementor-element elementor-element-48f4dd9 elementor-widget elementor-widget-heading\" data-id=\"48f4dd9\" data-element_type=\"widget\" data-e-type=\"widget\" data-widget_type=\"heading.default\">\n\t\t\t\t<div class=\"elementor-widget-container\">\n\t\t\t\t\t<h1 class=\"elementor-heading-title elementor-size-default\"> Why Holistic Engineering?<\/h1>\t\t\t\t<\/div>\n\t\t\t\t<\/div>\n\t\t\t\t\t<\/div>\n\t\t\t\t<\/div>\n\t\t<div class=\"elementor-element elementor-element-dc0add6 e-flex e-con-boxed e-con e-parent\" data-id=\"dc0add6\" data-element_type=\"container\" data-e-type=\"container\" data-settings=\"{&quot;background_background&quot;:&quot;classic&quot;}\">\n\t\t\t\t\t<div class=\"e-con-inner\">\n\t\t<div class=\"elementor-element elementor-element-9449aab e-con-full e-flex e-con e-child\" data-id=\"9449aab\" data-element_type=\"container\" data-e-type=\"container\">\n\t\t\t\t<div class=\"elementor-element elementor-element-a463f49 elementor-widget elementor-widget-heading\" data-id=\"a463f49\" data-element_type=\"widget\" data-e-type=\"widget\" data-widget_type=\"heading.default\">\n\t\t\t\t<div class=\"elementor-widget-container\">\n\t\t\t\t\t<h2 class=\"elementor-heading-title elementor-size-default\">What is Holistic Engineering \u2013<\/br>and how can your engineering projects benefit?<\/h2>\t\t\t\t<\/div>\n\t\t\t\t<\/div>\n\t\t\t\t<div class=\"elementor-element elementor-element-b1eb88c elementor-widget elementor-widget-text-editor\" data-id=\"b1eb88c\" data-element_type=\"widget\" data-e-type=\"widget\" data-widget_type=\"text-editor.default\">\n\t\t\t\t<div class=\"elementor-widget-container\">\n\t\t\t\t\t\t\t\t\t<p>We understand holistic engineering to mean the methodical and structured development of complex systems and software from the initial idea to the marketable product and beyond, including further generations and variants of the product. It combines technology, organization, and processes into a consistent environment fostering efficient work for all project team members.\u00a0<\/p><p>The importance of holistic engineering lies in the fact that it imposes order and structure on increasingly complex development processes: requirements are precisely defined, risks are minimized, and innovations are efficiently implemented. Without professional methods and tools that enable consistency and accessibility of engineering artifacts across domains and disciplines, it would be hard to ensure the quality, safety, and cost-effectiveness of advanced products. Holistic engineering is therefore a key success factor for businesses and society.<\/p>\t\t\t\t\t\t\t\t<\/div>\n\t\t\t\t<\/div>\n\t\t\t\t<\/div>\n\t\t\t\t\t<\/div>\n\t\t\t\t<\/div>\n\t\t<div class=\"elementor-element elementor-element-ab53b64 e-flex e-con-boxed e-con e-parent\" data-id=\"ab53b64\" data-element_type=\"container\" data-e-type=\"container\">\n\t\t\t\t\t<div class=\"e-con-inner\">\n\t\t<div class=\"elementor-element elementor-element-0c4d2ed e-con-full e-flex e-con e-child\" data-id=\"0c4d2ed\" data-element_type=\"container\" data-e-type=\"container\">\n\t\t\t\t<div class=\"elementor-element elementor-element-7986886 elementor-widget elementor-widget-heading\" data-id=\"7986886\" data-element_type=\"widget\" data-e-type=\"widget\" data-widget_type=\"heading.default\">\n\t\t\t\t<div class=\"elementor-widget-container\">\n\t\t\t\t\t<h3 class=\"elementor-heading-title elementor-size-default\">Current challenges in engineering<\/h3>\t\t\t\t<\/div>\n\t\t\t\t<\/div>\n\t\t\t\t<div class=\"elementor-element elementor-element-b206edd elementor-widget elementor-widget-text-editor\" data-id=\"b206edd\" data-element_type=\"widget\" data-e-type=\"widget\" data-widget_type=\"text-editor.default\">\n\t\t\t\t<div class=\"elementor-widget-container\">\n\t\t\t\t\t\t\t\t\t<p>Today's product development faces a multitude of challenges. Increasing segmentation of markets and new customer requirements demand ever more features and constantly increasing system interconnectivity, resulting in escalating complexity of interfaces. Added to this are regulatory requirements: Standards such as ISO 26262 and DO-178C demand complete verification and comprehensive documentation. At the same time, markets expect shorter innovation cycles with at least the same level of quality.<\/p><p>Global collaboration can also be another obstacle. Engineering projects are often handled by internationally distributed teams and require both clear processes and powerful tools. The overall objective remains the same: to master complexity while ensuring product quality, safety, and efficiency without compromising the project's economic viability.<\/p>\t\t\t\t\t\t\t\t<\/div>\n\t\t\t\t<\/div>\n\t\t\t\t<\/div>\n\t\t<div class=\"elementor-element elementor-element-491dfbb e-con-full e-flex e-con e-child\" data-id=\"491dfbb\" data-element_type=\"container\" data-e-type=\"container\" data-settings=\"{&quot;background_background&quot;:&quot;classic&quot;}\">\n\t\t\t\t<div class=\"elementor-element elementor-element-401680f0 elementor-widget elementor-widget-image\" data-id=\"401680f0\" data-element_type=\"widget\" data-e-type=\"widget\" data-widget_type=\"image.default\">\n\t\t\t\t<div class=\"elementor-widget-container\">\n\t\t\t\t\t\t\t\t\t\t\t\t\t\t\t<img fetchpriority=\"high\" decoding=\"async\" width=\"499\" height=\"476\" src=\"https:\/\/www.engineering-universe.de\/wp-content\/uploads\/2025\/11\/herausforderung.svg\" class=\"attachment-medium_large size-medium_large wp-image-2482\" alt=\"\" \/>\t\t\t\t\t\t\t\t\t\t\t\t\t\t\t<\/div>\n\t\t\t\t<\/div>\n\t\t\t\t<\/div>\n\t\t\t\t\t<\/div>\n\t\t\t\t<\/div>\n\t\t<div class=\"elementor-element elementor-element-413897b e-flex e-con-boxed e-con e-parent\" data-id=\"413897b\" data-element_type=\"container\" data-e-type=\"container\">\n\t\t\t\t\t<div class=\"e-con-inner\">\n\t\t<div class=\"elementor-element elementor-element-79e27b8 e-con-full e-flex e-con e-child\" data-id=\"79e27b8\" data-element_type=\"container\" data-e-type=\"container\" data-settings=\"{&quot;background_background&quot;:&quot;classic&quot;}\">\n\t\t\t\t<div class=\"elementor-element elementor-element-0de1fe5 elementor-widget elementor-widget-image\" data-id=\"0de1fe5\" data-element_type=\"widget\" data-e-type=\"widget\" data-widget_type=\"image.default\">\n\t\t\t\t<div class=\"elementor-widget-container\">\n\t\t\t\t\t\t\t\t\t\t\t\t\t\t\t<img decoding=\"async\" width=\"510\" height=\"470\" src=\"https:\/\/www.engineering-universe.de\/wp-content\/uploads\/2025\/11\/zusammenspiel2.svg\" class=\"attachment-large size-large wp-image-2468\" alt=\"\" \/>\t\t\t\t\t\t\t\t\t\t\t\t\t\t\t<\/div>\n\t\t\t\t<\/div>\n\t\t\t\t<\/div>\n\t\t<div class=\"elementor-element elementor-element-fda580f e-con-full e-flex e-con e-child\" data-id=\"fda580f\" data-element_type=\"container\" data-e-type=\"container\">\n\t\t\t\t<div class=\"elementor-element elementor-element-dd9b93c elementor-widget elementor-widget-heading\" data-id=\"dd9b93c\" data-element_type=\"widget\" data-e-type=\"widget\" data-widget_type=\"heading.default\">\n\t\t\t\t<div class=\"elementor-widget-container\">\n\t\t\t\t\t<h3 class=\"elementor-heading-title elementor-size-default\">The added value of Holistic Engineering<\/h3>\t\t\t\t<\/div>\n\t\t\t\t<\/div>\n\t\t\t\t<div class=\"elementor-element elementor-element-789eae8 elementor-widget elementor-widget-text-editor\" data-id=\"789eae8\" data-element_type=\"widget\" data-e-type=\"widget\" data-widget_type=\"text-editor.default\">\n\t\t\t\t<div class=\"elementor-widget-container\">\n\t\t\t\t\t\t\t\t\t<p>Holistic engineering of systems and software is not an objective in itself, but an essential factor for the success of any business. It ensures quality through clearly defined and effectively implemented processes, consistent traceability, and validation. At the same time, it contributes to cost reduction by minimizing errors, rework, and inefficient processes.<\/p><p>Structured methods also promote innovation, as they facilitate creative freedom without losing sight of the regulatory framework. Last but not least, holistic engineering enables greater sustainability by developing products that are more durable and resource-efficient.<\/p>\t\t\t\t\t\t\t\t<\/div>\n\t\t\t\t<\/div>\n\t\t\t\t<\/div>\n\t\t\t\t\t<\/div>\n\t\t\t\t<\/div>\n\t\t<div class=\"elementor-element elementor-element-5c85fe5 e-flex e-con-boxed e-con e-parent\" data-id=\"5c85fe5\" data-element_type=\"container\" data-e-type=\"container\">\n\t\t\t\t\t<div class=\"e-con-inner\">\n\t\t<div class=\"elementor-element elementor-element-b381a03 e-con-full e-flex e-con e-child\" data-id=\"b381a03\" data-element_type=\"container\" data-e-type=\"container\">\n\t\t\t\t<div class=\"elementor-element elementor-element-7ea878c elementor-widget elementor-widget-heading\" data-id=\"7ea878c\" data-element_type=\"widget\" data-e-type=\"widget\" data-widget_type=\"heading.default\">\n\t\t\t\t<div class=\"elementor-widget-container\">\n\t\t\t\t\t<h3 class=\"elementor-heading-title elementor-size-default\">Benefits for your projects in a nutshell<\/h3>\t\t\t\t<\/div>\n\t\t\t\t<\/div>\n\t\t\t\t<div class=\"elementor-element elementor-element-0e68154 elementor-widget elementor-widget-text-editor\" data-id=\"0e68154\" data-element_type=\"widget\" data-e-type=\"widget\" data-widget_type=\"text-editor.default\">\n\t\t\t\t<div class=\"elementor-widget-container\">\n\t\t\t\t\t\t\t\t\t<p>The key benefits:<\/p>\n<ul>\n<li class=\"translation-block\"><strong>Market advantage:<\/strong> shorter time-to-market through efficient development<\/li>\n<li class=\"translation-block\"><strong>Reliability:<\/strong> Highest product quality and safety<\/li>\n<li class=\"translation-block\"><strong>Cost efficiency:<\/strong> Clearly defined and implemented processes avoid duplication of work and reduce risks.<\/li>\n<li class=\"translation-block\"><strong>Transparency:<\/strong> Better traceability for customers, partners, and auditors<\/li>\n<\/ul>\t\t\t\t\t\t\t\t<\/div>\n\t\t\t\t<\/div>\n\t\t\t\t<\/div>\n\t\t<div class=\"elementor-element elementor-element-30329fb e-con-full e-flex e-con e-child\" data-id=\"30329fb\" data-element_type=\"container\" data-e-type=\"container\" data-settings=\"{&quot;background_background&quot;:&quot;classic&quot;}\">\n\t\t\t\t<div class=\"elementor-element elementor-element-9177d6e elementor-widget elementor-widget-image\" data-id=\"9177d6e\" data-element_type=\"widget\" data-e-type=\"widget\" data-widget_type=\"image.default\">\n\t\t\t\t<div class=\"elementor-widget-container\">\n\t\t\t\t\t\t\t\t\t\t\t\t\t\t\t<img decoding=\"async\" width=\"309\" height=\"244\" src=\"https:\/\/www.engineering-universe.de\/wp-content\/uploads\/2025\/11\/Sieg-outline.svg\" class=\"attachment-large size-large wp-image-2321\" alt=\"\" \/>\t\t\t\t\t\t\t\t\t\t\t\t\t\t\t<\/div>\n\t\t\t\t<\/div>\n\t\t\t\t<\/div>\n\t\t\t\t\t<\/div>\n\t\t\t\t<\/div>\n\t\t\t\t<\/div>","protected":false},"excerpt":{"rendered":"<p>Warum Holistic Engineering? Was ist Holistic Engineering \u2013und welche Vorteile bringt es f\u00fcr Ihre Entwicklungsprojekte? Unter Holistic Engineering verstehen wir die methodische und strukturierte Entwicklung komplexer Systeme und Software von der Idee zum\u00a0 marktf\u00e4higen Produkt und dar\u00fcber hinaus einschlie\u00dflich aller weiteren Generationen des Produktes. Es verbindet Technik, Organisation und Prozesse zu einer durchg\u00e4ngigen Umgebung, in [&hellip;]<\/p>\n","protected":false},"author":1,"featured_media":0,"parent":0,"menu_order":10,"comment_status":"closed","ping_status":"closed","template":"","meta":{"footnotes":""},"class_list":["post-30","page","type-page","status-publish","hentry"],"yoast_head":"<!-- This site is optimized with the Yoast SEO plugin v27.4 - https:\/\/yoast.com\/product\/yoast-seo-wordpress\/ -->\n<title>Warum Holistic Engineering - www.engineering-universe.de<\/title>\n<meta name=\"robots\" content=\"index, follow, max-snippet:-1, max-image-preview:large, max-video-preview:-1\" \/>\n<link rel=\"canonical\" href=\"https:\/\/www.engineering-universe.de\/en\/warum-holistic-engineering\/\" \/>\n<meta property=\"og:locale\" content=\"en_US\" \/>\n<meta property=\"og:type\" content=\"article\" \/>\n<meta property=\"og:title\" content=\"Warum Holistic Engineering - www.engineering-universe.de\" \/>\n<meta property=\"og:description\" content=\"Warum Holistic Engineering? Was ist Holistic Engineering \u2013und welche Vorteile bringt es f\u00fcr Ihre Entwicklungsprojekte? Unter Holistic Engineering verstehen wir die methodische und strukturierte Entwicklung komplexer Systeme und Software von der Idee zum\u00a0 marktf\u00e4higen Produkt und dar\u00fcber hinaus einschlie\u00dflich aller weiteren Generationen des Produktes. Es verbindet Technik, Organisation und Prozesse zu einer durchg\u00e4ngigen Umgebung, in [&hellip;]\" \/>\n<meta property=\"og:url\" content=\"https:\/\/www.engineering-universe.de\/en\/warum-holistic-engineering\/\" \/>\n<meta property=\"og:site_name\" content=\"www.engineering-universe.de\" \/>\n<meta property=\"article:modified_time\" content=\"2025-12-08T11:15:44+00:00\" \/>\n<meta name=\"twitter:card\" content=\"summary_large_image\" \/>\n<meta name=\"twitter:label1\" content=\"Est. reading time\" \/>\n\t<meta name=\"twitter:data1\" content=\"3 minutes\" \/>\n<script type=\"application\/ld+json\" class=\"yoast-schema-graph\">{\"@context\":\"https:\\\/\\\/schema.org\",\"@graph\":[{\"@type\":\"WebPage\",\"@id\":\"https:\\\/\\\/www.engineering-universe.de\\\/warum-holistic-engineering\\\/\",\"url\":\"https:\\\/\\\/www.engineering-universe.de\\\/warum-holistic-engineering\\\/\",\"name\":\"Warum Holistic Engineering - www.engineering-universe.de\",\"isPartOf\":{\"@id\":\"https:\\\/\\\/www.engineering-universe.de\\\/#website\"},\"primaryImageOfPage\":{\"@id\":\"https:\\\/\\\/www.engineering-universe.de\\\/warum-holistic-engineering\\\/#primaryimage\"},\"image\":{\"@id\":\"https:\\\/\\\/www.engineering-universe.de\\\/warum-holistic-engineering\\\/#primaryimage\"},\"thumbnailUrl\":\"https:\\\/\\\/www.engineering-universe.de\\\/wp-content\\\/uploads\\\/2025\\\/11\\\/herausforderung.svg\",\"datePublished\":\"2025-07-01T09:07:57+00:00\",\"dateModified\":\"2025-12-08T11:15:44+00:00\",\"breadcrumb\":{\"@id\":\"https:\\\/\\\/www.engineering-universe.de\\\/warum-holistic-engineering\\\/#breadcrumb\"},\"inLanguage\":\"en-US\",\"potentialAction\":[{\"@type\":\"ReadAction\",\"target\":[\"https:\\\/\\\/www.engineering-universe.de\\\/warum-holistic-engineering\\\/\"]}]},{\"@type\":\"ImageObject\",\"inLanguage\":\"en-US\",\"@id\":\"https:\\\/\\\/www.engineering-universe.de\\\/warum-holistic-engineering\\\/#primaryimage\",\"url\":\"https:\\\/\\\/www.engineering-universe.de\\\/wp-content\\\/uploads\\\/2025\\\/11\\\/herausforderung.svg\",\"contentUrl\":\"https:\\\/\\\/www.engineering-universe.de\\\/wp-content\\\/uploads\\\/2025\\\/11\\\/herausforderung.svg\"},{\"@type\":\"BreadcrumbList\",\"@id\":\"https:\\\/\\\/www.engineering-universe.de\\\/warum-holistic-engineering\\\/#breadcrumb\",\"itemListElement\":[{\"@type\":\"ListItem\",\"position\":1,\"name\":\"Home\",\"item\":\"https:\\\/\\\/www.engineering-universe.de\\\/\"},{\"@type\":\"ListItem\",\"position\":2,\"name\":\"Warum Holistic Engineering\"}]},{\"@type\":\"WebSite\",\"@id\":\"https:\\\/\\\/www.engineering-universe.de\\\/#website\",\"url\":\"https:\\\/\\\/www.engineering-universe.de\\\/\",\"name\":\"www.engineering-universe.de\",\"description\":\"Komplexit\u00e4t beherrschbar machen \u2013 mit Holistic Engineering\",\"publisher\":{\"@id\":\"https:\\\/\\\/www.engineering-universe.de\\\/#organization\"},\"potentialAction\":[{\"@type\":\"SearchAction\",\"target\":{\"@type\":\"EntryPoint\",\"urlTemplate\":\"https:\\\/\\\/www.engineering-universe.de\\\/?s={search_term_string}\"},\"query-input\":{\"@type\":\"PropertyValueSpecification\",\"valueRequired\":true,\"valueName\":\"search_term_string\"}}],\"inLanguage\":\"en-US\"},{\"@type\":\"Organization\",\"@id\":\"https:\\\/\\\/www.engineering-universe.de\\\/#organization\",\"name\":\"www.engineering-universe.de\",\"url\":\"https:\\\/\\\/www.engineering-universe.de\\\/\",\"logo\":{\"@type\":\"ImageObject\",\"inLanguage\":\"en-US\",\"@id\":\"https:\\\/\\\/www.engineering-universe.de\\\/#\\\/schema\\\/logo\\\/image\\\/\",\"url\":\"https:\\\/\\\/www.engineering-universe.de\\\/wp-content\\\/uploads\\\/2025\\\/08\\\/brain-round-magenta.svg\",\"contentUrl\":\"https:\\\/\\\/www.engineering-universe.de\\\/wp-content\\\/uploads\\\/2025\\\/08\\\/brain-round-magenta.svg\",\"width\":240,\"height\":94.63,\"caption\":\"www.engineering-universe.de\"},\"image\":{\"@id\":\"https:\\\/\\\/www.engineering-universe.de\\\/#\\\/schema\\\/logo\\\/image\\\/\"}}]}<\/script>\n<!-- \/ Yoast SEO plugin. -->","yoast_head_json":{"title":"Warum Holistic Engineering - www.engineering-universe.de","robots":{"index":"index","follow":"follow","max-snippet":"max-snippet:-1","max-image-preview":"max-image-preview:large","max-video-preview":"max-video-preview:-1"},"canonical":"https:\/\/www.engineering-universe.de\/en\/warum-holistic-engineering\/","og_locale":"en_US","og_type":"article","og_title":"Warum Holistic Engineering - www.engineering-universe.de","og_description":"Warum Holistic Engineering? Was ist Holistic Engineering \u2013und welche Vorteile bringt es f\u00fcr Ihre Entwicklungsprojekte? Unter Holistic Engineering verstehen wir die methodische und strukturierte Entwicklung komplexer Systeme und Software von der Idee zum\u00a0 marktf\u00e4higen Produkt und dar\u00fcber hinaus einschlie\u00dflich aller weiteren Generationen des Produktes. Es verbindet Technik, Organisation und Prozesse zu einer durchg\u00e4ngigen Umgebung, in [&hellip;]","og_url":"https:\/\/www.engineering-universe.de\/en\/warum-holistic-engineering\/","og_site_name":"www.engineering-universe.de","article_modified_time":"2025-12-08T11:15:44+00:00","twitter_card":"summary_large_image","twitter_misc":{"Est. reading time":"3 minutes"},"schema":{"@context":"https:\/\/schema.org","@graph":[{"@type":"WebPage","@id":"https:\/\/www.engineering-universe.de\/warum-holistic-engineering\/","url":"https:\/\/www.engineering-universe.de\/warum-holistic-engineering\/","name":"Warum Holistic Engineering - www.engineering-universe.de","isPartOf":{"@id":"https:\/\/www.engineering-universe.de\/#website"},"primaryImageOfPage":{"@id":"https:\/\/www.engineering-universe.de\/warum-holistic-engineering\/#primaryimage"},"image":{"@id":"https:\/\/www.engineering-universe.de\/warum-holistic-engineering\/#primaryimage"},"thumbnailUrl":"https:\/\/www.engineering-universe.de\/wp-content\/uploads\/2025\/11\/herausforderung.svg","datePublished":"2025-07-01T09:07:57+00:00","dateModified":"2025-12-08T11:15:44+00:00","breadcrumb":{"@id":"https:\/\/www.engineering-universe.de\/warum-holistic-engineering\/#breadcrumb"},"inLanguage":"en-US","potentialAction":[{"@type":"ReadAction","target":["https:\/\/www.engineering-universe.de\/warum-holistic-engineering\/"]}]},{"@type":"ImageObject","inLanguage":"en-US","@id":"https:\/\/www.engineering-universe.de\/warum-holistic-engineering\/#primaryimage","url":"https:\/\/www.engineering-universe.de\/wp-content\/uploads\/2025\/11\/herausforderung.svg","contentUrl":"https:\/\/www.engineering-universe.de\/wp-content\/uploads\/2025\/11\/herausforderung.svg"},{"@type":"BreadcrumbList","@id":"https:\/\/www.engineering-universe.de\/warum-holistic-engineering\/#breadcrumb","itemListElement":[{"@type":"ListItem","position":1,"name":"Home","item":"https:\/\/www.engineering-universe.de\/"},{"@type":"ListItem","position":2,"name":"Warum Holistic Engineering"}]},{"@type":"WebSite","@id":"https:\/\/www.engineering-universe.de\/#website","url":"https:\/\/www.engineering-universe.de\/","name":"www.engineering-universe.de","description":"Komplexit\u00e4t beherrschbar machen \u2013 mit Holistic Engineering","publisher":{"@id":"https:\/\/www.engineering-universe.de\/#organization"},"potentialAction":[{"@type":"SearchAction","target":{"@type":"EntryPoint","urlTemplate":"https:\/\/www.engineering-universe.de\/?s={search_term_string}"},"query-input":{"@type":"PropertyValueSpecification","valueRequired":true,"valueName":"search_term_string"}}],"inLanguage":"en-US"},{"@type":"Organization","@id":"https:\/\/www.engineering-universe.de\/#organization","name":"www.engineering-universe.de","url":"https:\/\/www.engineering-universe.de\/","logo":{"@type":"ImageObject","inLanguage":"en-US","@id":"https:\/\/www.engineering-universe.de\/#\/schema\/logo\/image\/","url":"https:\/\/www.engineering-universe.de\/wp-content\/uploads\/2025\/08\/brain-round-magenta.svg","contentUrl":"https:\/\/www.engineering-universe.de\/wp-content\/uploads\/2025\/08\/brain-round-magenta.svg","width":240,"height":94.63,"caption":"www.engineering-universe.de"},"image":{"@id":"https:\/\/www.engineering-universe.de\/#\/schema\/logo\/image\/"}}]}},"_links":{"self":[{"href":"https:\/\/www.engineering-universe.de\/en\/wp-json\/wp\/v2\/pages\/30","targetHints":{"allow":["GET"]}}],"collection":[{"href":"https:\/\/www.engineering-universe.de\/en\/wp-json\/wp\/v2\/pages"}],"about":[{"href":"https:\/\/www.engineering-universe.de\/en\/wp-json\/wp\/v2\/types\/page"}],"author":[{"embeddable":true,"href":"https:\/\/www.engineering-universe.de\/en\/wp-json\/wp\/v2\/users\/1"}],"replies":[{"embeddable":true,"href":"https:\/\/www.engineering-universe.de\/en\/wp-json\/wp\/v2\/comments?post=30"}],"version-history":[{"count":93,"href":"https:\/\/www.engineering-universe.de\/en\/wp-json\/wp\/v2\/pages\/30\/revisions"}],"predecessor-version":[{"id":2664,"href":"https:\/\/www.engineering-universe.de\/en\/wp-json\/wp\/v2\/pages\/30\/revisions\/2664"}],"wp:attachment":[{"href":"https:\/\/www.engineering-universe.de\/en\/wp-json\/wp\/v2\/media?parent=30"}],"curies":[{"name":"wp","href":"https:\/\/api.w.org\/{rel}","templated":true}]}}